{"id":4025,"date":"2026-04-20T13:49:29","date_gmt":"2026-04-20T13:49:29","guid":{"rendered":"https:\/\/artautosovata.ro\/?post_type=product&#038;p=4025"},"modified":"2026-04-21T06:22:57","modified_gmt":"2026-04-21T06:22:57","slug":"dacia-logan-alba","status":"publish","type":"product","link":"https:\/\/artautosovata.ro\/en_us\/product\/dacia-logan-alba\/","title":{"rendered":"Dacia Logan"},"content":{"rendered":"<p style=\"text-align: left;\">Dacia Logan este alegerea ideal\u0103 pentru clien\u021bii care caut\u0103 un autoturism fiabil, economic \u0219i u\u0219or de utilizat \u00een orice tip de deplasare. Echipat cu un motor diesel eficient, acest model ofer\u0103 un consum redus de combustibil, fiind perfect at\u00e2t pentru drumuri lungi, c\u00e2t \u0219i pentru utilizare urban\u0103.<\/p>\n<p style=\"text-align: left;\">Interiorul este spa\u021bios \u0219i confortabil, oferind suficient loc pentru pasageri \u0219i bagaje, ceea ce \u00eel face potrivit pentru familii sau c\u0103l\u0103torii de afaceri. Portbagajul generos este un avantaj major \u00een cazul transportului de bagaje voluminoase.<\/p>\n<p style=\"text-align: left;\">Dacia Logan se remarc\u0103 printr-o durabilitate excelent\u0103, fiind recunoscut pentru robuste\u021bea sa. Manevrabilitatea u\u0219oar\u0103 \u0219i vizibilitatea bun\u0103 contribuie la o experien\u021b\u0103 de condus sigur\u0103 \u0219i relaxant\u0103.<\/p>\n<p style=\"text-align: left;\">Alege Dacia Logan diesel pentru o solu\u021bie practic\u0103 \u0219i economic\u0103 de mobilitate!<\/p>","protected":false},"excerpt":{"rendered":"<p>Dacia Logan este o ma\u0219in\u0103 economic\u0103 \u0219i fiabil\u0103, ideal\u0103 pentru deplas\u0103ri zilnice sau drumuri lungi. Ofer\u0103 consum redus, spa\u021biu generos \u0219i costuri mici de \u00eentre\u021binere \u2013 alegerea practic\u0103 pentru orice tip de c\u0103l\u0103torie.<\/p>","protected":false},"featured_media":4026,"template":"","meta":{"_uag_custom_page_level_css":"","site-sidebar-layout":"default","site-content-layout":"","ast-site-content-layout":"default","site-content-style":"default","site-sidebar-style":"default","ast-global-header-display":"","ast-banner-title-visibility":"","ast-main-header-display":"","ast-hfb-above-header-display":"","ast-hfb-below-header-display":"","ast-hfb-mobile-header-display":"","site-post-title":"","ast-breadcrumbs-content":"","ast-featured-img":"","footer-sml-layout":"","ast-disable-related-posts":"","theme-transparent-header-meta":"default","adv-header-id-meta":"","stick-header-meta":"","header-above-stick-meta":"","header-main-stick-meta":"","header-below-stick-meta":"","astra-migrate-meta-layouts":"set","ast-page-background-enabled":"default","ast-page-background-meta":{"desktop":{"background-color":"var(--ast-global-color-5)","background-image":"","background-repeat":"repeat","background-position":"center center","background-size":"auto","background-attachment":"scroll","background-type":"","background-media":"","overlay-type":"","overlay-color":"","overlay-opacity":"","overlay-gradient":""},"tablet":{"background-color":"","background-image":"","background-repeat":"repeat","background-position":"center center","background-size":"auto","background-attachment":"scroll","background-type":"","background-media":"","overlay-type":"","overlay-color":"","overlay-opacity":"","overlay-gradient":""},"mobile":{"background-color":"","background-image":"","background-repeat":"repeat","background-position":"center center","background-size":"auto","background-attachment":"scroll","background-type":"","background-media":"","overlay-type":"","overlay-color":"","overlay-opacity":"","overlay-gradient":""}},"ast-content-background-meta":{"desktop":{"background-color":"var(--ast-global-color-4)","background-image":"","background-repeat":"repeat","background-position":"center center","background-size":"auto","background-attachment":"scroll","background-type":"","background-media":"","overlay-type":"","overlay-color":"","overlay-opacity":"","overlay-gradient":""},"tablet":{"background-color":"var(--ast-global-color-4)","background-image":"","background-repeat":"repeat","background-position":"center center","background-size":"auto","background-attachment":"scroll","background-type":"","background-media":"","overlay-type":"","overlay-color":"","overlay-opacity":"","overlay-gradient":""},"mobile":{"background-color":"var(--ast-global-color-4)","background-image":"","background-repeat":"repeat","background-position":"center center","background-size":"auto","background-attachment":"scroll","background-type":"","background-media":"","overlay-type":"","overlay-color":"","overlay-opacity":"","overlay-gradient":""}}},"product_brand":[73],"product_cat":[72],"product_tag":[],"class_list":{"0":"post-4025","1":"product","2":"type-product","3":"status-publish","4":"has-post-thumbnail","6":"product_brand-dacia","7":"product_cat-rent-a-car","8":"desktop-align-left","9":"tablet-align-left","10":"mobile-align-left","12":"first","13":"instock","14":"taxable","15":"shipping-taxable","16":"purchasable","17":"product-type-simple"},"uagb_featured_image_src":{"full":["https:\/\/artautosovata.ro\/wp-content\/uploads\/2026\/04\/WhatsApp-Image-2026-04-07-at-13.11.15-4.jpeg",2048,1536,false],"thumbnail":["https:\/\/artautosovata.ro\/wp-content\/uploads\/2026\/04\/WhatsApp-Image-2026-04-07-at-13.11.15-4-150x150.jpeg",150,150,true],"medium":["https:\/\/artautosovata.ro\/wp-content\/uploads\/2026\/04\/WhatsApp-Image-2026-04-07-at-13.11.15-4-300x225.jpeg",300,225,true],"medium_large":["https:\/\/artautosovata.ro\/wp-content\/uploads\/2026\/04\/WhatsApp-Image-2026-04-07-at-13.11.15-4-768x576.jpeg",768,576,true],"large":["https:\/\/artautosovata.ro\/wp-content\/uploads\/2026\/04\/WhatsApp-Image-2026-04-07-at-13.11.15-4-1024x768.jpeg",1024,768,true],"1536x1536":["https:\/\/artautosovata.ro\/wp-content\/uploads\/2026\/04\/WhatsApp-Image-2026-04-07-at-13.11.15-4-1536x1152.jpeg",1536,1152,true],"2048x2048":["https:\/\/artautosovata.ro\/wp-content\/uploads\/2026\/04\/WhatsApp-Image-2026-04-07-at-13.11.15-4.jpeg",2048,1536,false],"trp-custom-language-flag":["https:\/\/artautosovata.ro\/wp-content\/uploads\/2026\/04\/WhatsApp-Image-2026-04-07-at-13.11.15-4.jpeg",16,12,false],"woocommerce_thumbnail":["https:\/\/artautosovata.ro\/wp-content\/uploads\/2026\/04\/WhatsApp-Image-2026-04-07-at-13.11.15-4-300x300.jpeg",300,300,true],"woocommerce_single":["https:\/\/artautosovata.ro\/wp-content\/uploads\/2026\/04\/WhatsApp-Image-2026-04-07-at-13.11.15-4-600x450.jpeg",600,450,true],"woocommerce_gallery_thumbnail":["https:\/\/artautosovata.ro\/wp-content\/uploads\/2026\/04\/WhatsApp-Image-2026-04-07-at-13.11.15-4-100x100.jpeg",100,100,true]},"uagb_author_info":{"display_name":"Dev Team","author_link":"https:\/\/artautosovata.ro\/en_us\/author\/"},"uagb_comment_info":0,"uagb_excerpt":"Dacia Logan este o ma\u0219in\u0103 economic\u0103 \u0219i fiabil\u0103, ideal\u0103 pentru deplas\u0103ri zilnice sau drumuri lungi. Ofer\u0103 consum redus, spa\u021biu generos \u0219i costuri mici de \u00eentre\u021binere \u2013 alegerea practic\u0103 pentru orice tip de c\u0103l\u0103torie.","_links":{"self":[{"href":"https:\/\/artautosovata.ro\/en_us\/wp-json\/wp\/v2\/product\/4025","targetHints":{"allow":["GET"]}}],"collection":[{"href":"https:\/\/artautosovata.ro\/en_us\/wp-json\/wp\/v2\/product"}],"about":[{"href":"https:\/\/artautosovata.ro\/en_us\/wp-json\/wp\/v2\/types\/product"}],"wp:featuredmedia":[{"embeddable":true,"href":"https:\/\/artautosovata.ro\/en_us\/wp-json\/wp\/v2\/media\/4026"}],"wp:attachment":[{"href":"https:\/\/artautosovata.ro\/en_us\/wp-json\/wp\/v2\/media?parent=4025"}],"wp:term":[{"taxonomy":"product_brand","embeddable":true,"href":"https:\/\/artautosovata.ro\/en_us\/wp-json\/wp\/v2\/product_brand?post=4025"},{"taxonomy":"product_cat","embeddable":true,"href":"https:\/\/artautosovata.ro\/en_us\/wp-json\/wp\/v2\/product_cat?post=4025"},{"taxonomy":"product_tag","embeddable":true,"href":"https:\/\/artautosovata.ro\/en_us\/wp-json\/wp\/v2\/product_tag?post=4025"}],"curies":[{"name":"wp","href":"https:\/\/api.w.org\/{rel}","templated":true}]}}